{"id":1446,"date":"2024-05-03T18:11:28","date_gmt":"2024-05-03T18:11:28","guid":{"rendered":"https:\/\/powermyjob.com\/?page_id=1446"},"modified":"2024-09-10T20:34:14","modified_gmt":"2024-09-10T20:34:14","slug":"instructor-candidates","status":"publish","type":"page","link":"https:\/\/powermyjob.com\/es\/instructor-candidates\/","title":{"rendered":"Candidatos a instructores"},"content":{"rendered":"<!--themify_builder_content-->\n<div id=\"themify_builder_content-1446\" data-postid=\"1446\" class=\"themify_builder_content themify_builder_content-1446 themify_builder tf_clear\">\n                    <div  data-css_id=\"vvjf332\" data-lazy=\"1\" class=\"module_row themify_builder_row fullwidth_row_container tb_vvjf332 tb_first tf_w\">\n                        <div class=\"row_inner col_align_top tb_col_count_1 tf_box tf_rel\">\n                        <div  data-lazy=\"1\" class=\"module_column tb-column col-full tb_gsjl332 first\">\n                    <!-- module text -->\n<div  class=\"module module-text tb_547g706\" data-lazy=\"1\">\n        <div  class=\"tb_text_wrap\">\n        <p>Convi\u00e9rtase en instructor del CEI y disfrute de un horario flexible mientras gana $1000 extra al mes por s\u00f3lo 40 horas de compromiso. Adem\u00e1s, recibir\u00e1s cr\u00e9ditos CEU, mantendr\u00e1s tus habilidades actualizadas y te beneficiar\u00e1s de la formaci\u00f3n y los recursos para instructores que te ofrecemos.<\/p>    <\/div>\n<\/div>\n<!-- \/module text -->        <\/div>\n                        <\/div>\n        <\/div>\n                        <div  data-css_id=\"dwxe630\" data-lazy=\"1\" class=\"module_row themify_builder_row fullwidth_row_container tb_dwxe630 tf_w\">\n                        <div class=\"row_inner col_align_top tb_col_count_1 tf_box tf_rel\">\n                        <div  data-lazy=\"1\" class=\"module_column tb-column col-full tb_r0iu630 first\">\n                    <!-- module contact -->\n<div  id=\"tb_kyc2282\" class=\"module module-contact tb_kyc2282 contact-style1\" data-lazy=\"1\">\n    <h3 class=\"module-title\">Formulario de solicitud para candidatos a instructor<\/h3>\n\t<form class=\"builder-contact\"\n\t\tid=\"tb_kyc2282-form\"\n\t\tmethod=\"post\"\n\t\tdata-post-id=\"1446\"\n\t\tdata-element-id=\"kyc2282\"\n\t\tdata-orig-id=\"1446\" action=\"\"\n\t>\n    <div class=\"contact-message\"><\/div>\n\t<div class=\"builder-contact-fields tf_rel\">\n\t\t    \t\t    <div class=\"builder-contact-field builder-contact-field-name builder-contact-text-field\">\n\t\t\t    <label class=\"control-label\" for=\"tb_kyc2282-contact-name\">\n\t\t\t\t\t\t\t\t\t\t<span class=\"tb-label-span\">Nombre <\/span><span class=\"required\">*<\/span>\t\t\t\t<\/label>\n\t\t\t    <div class=\"control-input tf_rel\">\n\t\t\t\t    \t\t\t\t\t    <input type=\"text\" name=\"contact-name\" placeholder=\"\" id=\"tb_kyc2282-contact-name\" value=\"\" class=\"form-control\" required>\n\t\t\t\t    \t\t\t\t    \t\t\t    <\/div>\n\t\t<\/div>\n\t    \n\t\t    \t\t    <div class=\"builder-contact-field builder-contact-field-email builder-contact-text-field\">\n\t\t\t    <label class=\"control-label\" for=\"tb_kyc2282-contact-email\">\n\t\t\t\t\t\t\t\t\t\t<span class=\"tb-label-span\">Correo electr\u00f3nico <\/span><span class=\"required\">*<\/span>\t\t\t\t<\/label>\n\t\t\t    <div class=\"control-input tf_rel\">\n\t\t\t\t    \t\t\t\t\t    <input type=\"email\" name=\"contact-email\" placeholder=\"\" id=\"tb_kyc2282-contact-email\" value=\"\" class=\"form-control\" required>\n\t\t\t\t    \t\t\t\t    \t\t\t    <\/div>\n\t\t<\/div>\n\t    \n\t\t    \t\t    \t\t    <div class=\"builder-contact-field builder-contact-field-extra builder-contact-text-field builder-contact-tel-field\">\n\t\t\t\t\n\t\t\t\t<label class=\"control-label\" for=\"field_extra_tb_kyc2282_0\">\n\t\t\t\t\t\n\t\t\t\t\tN\u00famero de tel\u00e9fono\t\t\t\t\t\t\t\t\t\t\t<input type=\"hidden\" name=\"field_extra_name_0\" value=\"Phone number\">\n\t\t\t\t\t\t\t\t\t\t\t<span class=\"required\">*<\/span>\n\t\t\t\t\t\t\t\t\t<\/label>\n\t\t\t\t<div class=\"control-input tf_rel\">\n\t\t\t\t\t\t\t\t\t\t\t<input type=\"tel\" name=\"field_extra_0\" id=\"field_extra_tb_kyc2282_0\" placeholder=\"\" class=\"form-control\" required>\n\t\t\t\t\t\n\t\t\t\t\t\t\t\t\t<\/div>\n\t\t    <\/div>\n\t    \n\t\t    \t\t    \t\t    <div class=\"builder-contact-field builder-contact-field-extra builder-contact-text-field\">\n\t\t\t\t\n\t\t\t\t<label class=\"control-label\" for=\"field_extra_tb_kyc2282_1\">\n\t\t\t\t\t\n\t\t\t\t\t\u00bfCu\u00e1ntos a\u00f1os de experiencia tiene en el sector el\u00e9ctrico?\t\t\t\t\t\t\t\t\t\t\t<input type=\"hidden\" name=\"field_extra_name_1\" value=\"How many years of experience do you have in the electrical field?\">\n\t\t\t\t\t\t\t\t\t\t\t<span class=\"required\">*<\/span>\n\t\t\t\t\t\t\t\t\t<\/label>\n\t\t\t\t<div class=\"control-input tf_rel\">\n\t\t\t\t\t\t\t\t\t\t\t<input type=\"text\" name=\"field_extra_1\" id=\"field_extra_tb_kyc2282_1\" placeholder=\"\" class=\"form-control\" required>\n\t\t\t\t\t\n\t\t\t\t\t\t\t\t\t<\/div>\n\t\t    <\/div>\n\t    \n\t\t    \t\t    \t\t    <div class=\"builder-contact-field builder-contact-field-extra builder-contact-text-field\">\n\t\t\t\t\n\t\t\t\t<label class=\"control-label\" for=\"field_extra_tb_kyc2282_2\">\n\t\t\t\t\t\n\t\t\t\t\t\u00bfQu\u00e9 tipo de experiencia tiene?\t\t\t\t\t\t\t\t\t\t\t<input type=\"hidden\" name=\"field_extra_name_2\" value=\"What type of experience do you have?\">\n\t\t\t\t\t\t\t\t\t\t\t<span class=\"required\">*<\/span>\n\t\t\t\t\t\t\t\t\t<\/label>\n\t\t\t\t<div class=\"control-input tf_rel\">\n\t\t\t\t\t\t\t\t\t\t\t<input type=\"text\" name=\"field_extra_2\" id=\"field_extra_tb_kyc2282_2\" placeholder=\"\" class=\"form-control\" required>\n\t\t\t\t\t\n\t\t\t\t\t\t\t\t\t<\/div>\n\t\t    <\/div>\n\t    \n\t\t    \t\t    \t\t    <div class=\"builder-contact-field builder-contact-field-extra builder-contact-text-field\">\n\t\t\t\t\n\t\t\t\t<label class=\"control-label\" for=\"field_extra_tb_kyc2282_3\">\n\t\t\t\t\t\n\t\t\t\t\tDescripci\u00f3n del puesto del empleador actual:\t\t\t\t\t\t\t\t\t\t\t<input type=\"hidden\" name=\"field_extra_name_3\" value=\"Job description of current employer:\">\n\t\t\t\t\t\t\t\t\t\t\t<span class=\"required\">*<\/span>\n\t\t\t\t\t\t\t\t\t<\/label>\n\t\t\t\t<div class=\"control-input tf_rel\">\n\t\t\t\t\t\t\t\t\t\t\t<input type=\"text\" name=\"field_extra_3\" id=\"field_extra_tb_kyc2282_3\" placeholder=\"\" class=\"form-control\" required>\n\t\t\t\t\t\n\t\t\t\t\t\t\t\t\t<\/div>\n\t\t    <\/div>\n\t    \n\t\t    \t\t    \t\t    <div class=\"builder-contact-field builder-contact-field-extra builder-contact-textarea-field\">\n\t\t\t\t\n\t\t\t\t<label class=\"control-label\" for=\"field_extra_tb_kyc2282_4\">\n\t\t\t\t\t\n\t\t\t\t\t\u00bfPor qu\u00e9 le gustar\u00eda ser considerado para un puesto de Instructor IEC?\t\t\t\t\t\t\t\t\t\t\t<input type=\"hidden\" name=\"field_extra_name_4\" value=\"Why would you like to be considered for an IEC Instructor position?\">\n\t\t\t\t\t\t\t\t\t\t\t<span class=\"required\">*<\/span>\n\t\t\t\t\t\t\t\t\t<\/label>\n\t\t\t\t<div class=\"control-input tf_rel\">\n\t\t\t\t\t\t\t\t\t\t\t<textarea name=\"field_extra_4\" id=\"field_extra_tb_kyc2282_4\" placeholder=\"\" class=\"form-control\" required><\/textarea>\n\t\t\t\t\t\n\t\t\t\t\t\t\t\t\t<\/div>\n\t\t    <\/div>\n\t    \n\t\t    \t\t    <div class=\"builder-contact-field builder-contact-field-message builder-contact-textarea-field\">\n\t\t\t    <label class=\"control-label\" for=\"tb_kyc2282-contact-message\">\n\t\t\t\t\t\t\t\t\t\t<span class=\"tb-label-span\">M\u00e1s informaci\u00f3n <\/span>\t\t\t\t<\/label>\n\t\t\t    <div class=\"control-input tf_rel\">\n\t\t\t\t    \t\t\t\t\t    <textarea name=\"contact-message\" placeholder=\"\" id=\"tb_kyc2282-contact-message\" class=\"form-control\"><\/textarea>\n\t\t\t\t    \t\t\t\t    \t\t\t    <\/div>\n\t\t<\/div>\n\t    \n\t\t    \t\t\n\t\t\n\t    \n\t    <div class=\"builder-contact-field builder-contact-field-send control-input tf_textl tf_clear tf_rel\">\n\t\t\t<button type=\"submit\" class=\"btn btn-primary\">\n\t\t\t\t<span class=\"tf_loader\"><\/span>\t\t\t\t<span class=\"tf_submit_icon\"><\/span> \n\t\t\t\tEnviar\t\t\t<\/button>\n\t    <\/div>\n\t<\/div>\n    <input type=\"hidden\" name=\"trp-form-language\" value=\"es\"\/><\/form>\n    <\/div>\n<!-- \/module contact -->\n        <\/div>\n                        <\/div>\n        <\/div>\n        <\/div>\n<!--\/themify_builder_content-->","protected":false},"excerpt":{"rendered":"<p>Convi\u00e9rtase en instructor del CEI y disfrute de un horario flexible mientras gana $1000 extra al mes por s\u00f3lo 40 horas de compromiso. Adem\u00e1s, recibir\u00e1s cr\u00e9ditos CEU, mantendr\u00e1s tus habilidades actualizadas y te beneficiar\u00e1s de la formaci\u00f3n y los recursos para instructores que te ofrecemos.<\/p>","protected":false},"author":3,"featured_media":0,"parent":0,"menu_order":0,"comment_status":"closed","ping_status":"closed","template":"","meta":{"footnotes":""},"builder_content":"<p>Become an IEC instructor and enjoy flexible hours while earning an extra $1000 monthly for just 40 hours of commitment. Additionally, you'll receive CEU credits, maintain sharp skills, and benefit from provided instructor training and resources.<\/p>\n<h3>Instructor Candidates Application Form<\/h3> <form id=\"tb_kyc2282-form\" method=\"post\" data-post-id=\"0\" data-element-id=\"kyc2282\" data-orig-id=\"1446\" > <label for=\"tb_kyc2282-contact-name\"> Name * <\/label> <input type=\"text\" name=\"contact-name\" placeholder=\"\" id=\"tb_kyc2282-contact-name\" value=\"\" required> <label for=\"tb_kyc2282-contact-email\"> Email * <\/label> <input type=\"email\" name=\"contact-email\" placeholder=\"\" id=\"tb_kyc2282-contact-email\" value=\"\" required> <label for=\"field_extra_tb_kyc2282_0\"> Phone number <input type=\"hidden\" name=\"field_extra_name_0\" value=\"Phone number\"> * <\/label> <input type=\"tel\" name=\"field_extra_0\" id=\"field_extra_tb_kyc2282_0\" placeholder=\"\" required> <label for=\"field_extra_tb_kyc2282_1\"> How many years of experience do you have in the electrical field? <input type=\"hidden\" name=\"field_extra_name_1\" value=\"How many years of experience do you have in the electrical field?\"> * <\/label> <input type=\"text\" name=\"field_extra_1\" id=\"field_extra_tb_kyc2282_1\" placeholder=\"\" required> <label for=\"field_extra_tb_kyc2282_2\"> What type of experience do you have? <input type=\"hidden\" name=\"field_extra_name_2\" value=\"What type of experience do you have?\"> * <\/label> <input type=\"text\" name=\"field_extra_2\" id=\"field_extra_tb_kyc2282_2\" placeholder=\"\" required> <label for=\"field_extra_tb_kyc2282_3\"> Job description of current employer: <input type=\"hidden\" name=\"field_extra_name_3\" value=\"Job description of current employer:\"> * <\/label> <input type=\"text\" name=\"field_extra_3\" id=\"field_extra_tb_kyc2282_3\" placeholder=\"\" required> <label for=\"field_extra_tb_kyc2282_4\"> Why would you like to be considered for an IEC Instructor position? <input type=\"hidden\" name=\"field_extra_name_4\" value=\"Why would you like to be considered for an IEC Instructor position?\"> * <\/label> <textarea name=\"field_extra_4\" id=\"field_extra_tb_kyc2282_4\" placeholder=\"\" required><\/textarea> <label for=\"tb_kyc2282-contact-message\"> Additional details <\/label> <textarea name=\"contact-message\" placeholder=\"\" id=\"tb_kyc2282-contact-message\"><\/textarea> <button type=\"submit\"> Submit <\/button> <\/form>","_links":{"self":[{"href":"https:\/\/powermyjob.com\/es\/wp-json\/wp\/v2\/pages\/1446"}],"collection":[{"href":"https:\/\/powermyjob.com\/es\/wp-json\/wp\/v2\/pages"}],"about":[{"href":"https:\/\/powermyjob.com\/es\/wp-json\/wp\/v2\/types\/page"}],"author":[{"embeddable":true,"href":"https:\/\/powermyjob.com\/es\/wp-json\/wp\/v2\/users\/3"}],"replies":[{"embeddable":true,"href":"https:\/\/powermyjob.com\/es\/wp-json\/wp\/v2\/comments?post=1446"}],"version-history":[{"count":25,"href":"https:\/\/powermyjob.com\/es\/wp-json\/wp\/v2\/pages\/1446\/revisions"}],"predecessor-version":[{"id":1651,"href":"https:\/\/powermyjob.com\/es\/wp-json\/wp\/v2\/pages\/1446\/revisions\/1651"}],"wp:attachment":[{"href":"https:\/\/powermyjob.com\/es\/wp-json\/wp\/v2\/media?parent=1446"}],"curies":[{"name":"wp","href":"https:\/\/api.w.org\/{rel}","templated":true}]}}