{"id":682,"date":"2022-04-21T17:08:01","date_gmt":"2022-04-21T21:08:01","guid":{"rendered":"http:\/\/powermyjob.com\/?page_id=682"},"modified":"2022-07-18T14:17:42","modified_gmt":"2022-07-18T14:17:42","slug":"faq","status":"publish","type":"page","link":"https:\/\/powermyjob.com\/es\/faq\/","title":{"rendered":"Preguntas frecuentes"},"content":{"rendered":"<!--themify_builder_content-->\n<div id=\"themify_builder_content-682\" data-postid=\"682\" class=\"themify_builder_content themify_builder_content-682 themify_builder tf_clear\">\n                    <div  data-lazy=\"1\" class=\"module_row themify_builder_row tb_rqh0917 tb_first tf_w\">\n                        <div class=\"row_inner col_align_top tb_col_count_1 tf_box tf_rel\">\n                        <div  data-lazy=\"1\" class=\"module_column tb-column col-full tb_9hx3918 first\">\n                    <!-- module text -->\n<div  class=\"module module-text tb_nl82412\" data-lazy=\"1\">\n        <div  class=\"tb_text_wrap\">\n        <p><strong>\u00bfPuedo inscribirme en el Programa de Aprendizaje sin trabajar para un Miembro Contratista de la CEI?<\/strong><\/p>\n<p>S\u00ed, puede inscribirse en el Programa de Aprendizaje por su cuenta o mientras trabaja para un contratista no miembro. Sin embargo, para ser un Aprendiz Registrado con el Departamento de Trabajo, usted debe estar trabajando para uno de nuestros Miembros Contratistas IEC. Si decide inscribirse por su cuenta o trabajar para un contratista no miembro, s\u00f3lo ganar\u00e1 sus horas de clase y no las 8.000 horas de formaci\u00f3n en el puesto de trabajo necesarias para obtener su Certificado de Oficial.<\/p>\n<p>\u00a0<\/p>\n<p><strong>\u00bfCu\u00e1ntas horas de clase y horas de formaci\u00f3n en el puesto de trabajo (OJT) necesito para obtener el Certificado Journeyman?<\/strong><\/p>\n<p>Se necesitan 576 horas lectivas y 8.000 horas de formaci\u00f3n en alternancia para obtener el Certificado de Oficial.<\/p>\n<p>\u00a0<\/p>\n<p><strong>\u00bfAcepta el IEC cr\u00e9ditos de estudios de Escuelas T\u00e9cnicas Superiores u otros Programas de Aprendizaje?<\/strong><\/p>\n<p>El IEC s\u00f3lo acepta cr\u00e9ditos de clases de otros cap\u00edtulos del IEC en el pa\u00eds. El IEC puede conceder cr\u00e9ditos en t\u00e9rminos de horas de formaci\u00f3n en el puesto de trabajo. Si usted ya tiene 2,000 horas de OJT, usted puede ser elegible para \"Test-Out\" del 1er A\u00f1o. P\u00f3ngase en contacto con el IEC en el 770-242-9277 para m\u00e1s detalles.<\/p>\n<p>\u00a0<\/p>\n<p><strong>\u00bfPuedo utilizar un plan 529, la beca HOPE u otra ayuda federal para estudiantes?<\/strong><\/p>\n<p>No, nuestro programa no es elegible para recibir ayuda federal para estudiantes.<\/p>\n<p>\u00a0<\/p>\n<p><strong>\u00bfCu\u00e1l es la diferencia entre el Certificado de Journeyman y la Licencia de Contratista en Georgia?<\/strong><\/p>\n<p>El Certificado Journeyman le califica como Electricista Certificado en los 50 estados. Esta certificaci\u00f3n proviene de US Dept of Labor, Office of Apprenticeship.  Como Journeyman Electrician, podr\u00e1 trabajar en diversos entornos <u>bajo un contratista autorizado<\/u>.<\/p>\n<p>Se debe obtener una licencia de contratista el\u00e9ctrico de la Junta Estatal de Contratistas El\u00e9ctricos.  La obtenci\u00f3n de una licencia permite prestar servicios de contrataci\u00f3n el\u00e9ctrica, obtener permisos, etc. Usted debe tener una Licencia de Contratista El\u00e9ctrico, una licencia comercial y un seguro adecuado para llevar a cabo un negocio de contrataci\u00f3n legal. Para obtener m\u00e1s informaci\u00f3n sobre la licencia de contratista, visite el sitio web del Secretario de Estado de Georgia: <a href=\"https:\/\/sos.ga.gov\/georgia-state-board-electrical-contractors\">https:\/\/sos.ga.gov\/georgia-state-board-electrical-contractors<\/a><\/p>\n<p>\u00a0<\/p>\n<p><strong>\u00bfQui\u00e9n puede acceder al Programa Profesional de Electricista (PEP) de 2 a\u00f1os?<\/strong><\/p>\n<p>Para acceder al Programa Profesional de Electricista (PEP) de 2 a\u00f1os, debe tener 8.000 horas de formaci\u00f3n en el puesto de trabajo. <u>en una posici\u00f3n por encima de ayudante<\/u>. IEC requiere documentaci\u00f3n (correos electr\u00f3nicos o cartas) de los empleadores anteriores y actuales que indiquen que usted tiene esta experiencia requerida en el campo el\u00e9ctrico. Env\u00ede la documentaci\u00f3n por correo electr\u00f3nico a <a href=\"mailto:Training@iecatlantaga.org\">Training@iecatlantaga.org<\/a> o env\u00ede por fax cartas, escritas en papel con membrete de la empresa, al 770-242-9994.<\/p>\n<p>\u00a0<\/p>\n<p><strong>\u00bfLos cr\u00e9ditos CEU obtenidos en el IEC contar\u00e1n para otros estados adem\u00e1s de Georgia?<\/strong><\/p>\n<p>S\u00ed, el IEC enviar\u00e1 sus credenciales a Alabama, Carolina del Norte, Mississippi, Virginia y Kentucky.<\/p>\n<p><strong>\u00a0<\/strong><\/p>\n<p><strong>\u00bfCu\u00e1ntos cr\u00e9ditos CEU se exigen en Georgia, Alabama, Carolina del Norte, Misisipi, Kentucky y Virginia?<\/strong><\/p>\n<p>Georgia: 4 horas al a\u00f1o, periodo de renovaci\u00f3n de 2 a\u00f1os<\/p>\n<p>Alabama: 14 horas en un periodo de 2 a\u00f1os<\/p>\n<p>Carolina del Norte: 8 horas al a\u00f1o, 4 presenciales, 4 pueden ser online, renovaciones anuales.<\/p>\n<p>Kentucky: 6 horas al a\u00f1o, renovaciones anuales<\/p>\n<p>Virginia: 3 horas al a\u00f1o, renovaciones anuales<\/p>\n<p>Mississippi: 2 horas al a\u00f1o, renovaciones anuales<\/p>    <\/div>\n<\/div>\n<!-- \/module text -->        <\/div>\n                        <\/div>\n        <\/div>\n                        <div  data-lazy=\"1\" class=\"module_row themify_builder_row tb_tf3y526 tf_w\">\n                        <div class=\"row_inner col_align_top tb_col_count_1 tf_box tf_rel\">\n                        <div  data-lazy=\"1\" class=\"module_column tb-column col-full tb_e9wi526 first\">\n                    <!-- module text -->\n<div  class=\"module module-text tb_i9a4473\" data-lazy=\"1\">\n        <div  class=\"tb_text_wrap\">\n        <h3>\u00bfTiene alguna pregunta que no est\u00e9 respondida aqu\u00ed? Env\u00edenos un correo electr\u00f3nico y le responderemos en breve.<\/h3>    <\/div>\n<\/div>\n<!-- \/module text --><!-- module contact -->\n<div  id=\"tb_sgt0618\" class=\"module module-contact tb_sgt0618 contact-style2\" data-lazy=\"1\">\n    \n\t<form class=\"builder-contact\"\n\t\tid=\"tb_sgt0618-form\"\n\t\tmethod=\"post\"\n\t\tdata-post-id=\"682\"\n\t\tdata-element-id=\"sgt0618\"\n\t\tdata-orig-id=\"682\" action=\"\"\n\t>\n    <div class=\"contact-message\"><\/div>\n\t<div class=\"builder-contact-fields tf_rel\">\n\t\t    \t\t    <div class=\"builder-contact-field builder-contact-field-name builder-contact-text-field\">\n\t\t\t    <label class=\"control-label\" for=\"tb_sgt0618-contact-name\">\n\t\t\t\t\t\t\t\t\t\t<span class=\"tb-label-span\">Nombre <\/span><span class=\"required\">*<\/span>\t\t\t\t<\/label>\n\t\t\t    <div class=\"control-input tf_rel\">\n\t\t\t\t    \t\t\t\t\t    <input type=\"text\" name=\"contact-name\" placeholder=\"\" id=\"tb_sgt0618-contact-name\" value=\"\" class=\"form-control\" required>\n\t\t\t\t    \t\t\t\t    \t\t\t    <\/div>\n\t\t<\/div>\n\t    \n\t\t    \t\t    <div class=\"builder-contact-field builder-contact-field-email builder-contact-text-field\">\n\t\t\t    <label class=\"control-label\" for=\"tb_sgt0618-contact-email\">\n\t\t\t\t\t\t\t\t\t\t<span class=\"tb-label-span\">Correo electr\u00f3nico <\/span><span class=\"required\">*<\/span>\t\t\t\t<\/label>\n\t\t\t    <div class=\"control-input tf_rel\">\n\t\t\t\t    \t\t\t\t\t    <input type=\"email\" name=\"contact-email\" placeholder=\"\" id=\"tb_sgt0618-contact-email\" value=\"\" class=\"form-control\" required>\n\t\t\t\t    \t\t\t\t    \t\t\t    <\/div>\n\t\t<\/div>\n\t    \n\t\t    \t\t    <div class=\"builder-contact-field builder-contact-field-message builder-contact-textarea-field\">\n\t\t\t    <label class=\"control-label\" for=\"tb_sgt0618-contact-message\">\n\t\t\t\t\t\t\t\t\t\t<span class=\"tb-label-span\">Mensaje <\/span>\t\t\t\t<\/label>\n\t\t\t    <div class=\"control-input tf_rel\">\n\t\t\t\t    \t\t\t\t\t    <textarea name=\"contact-message\" placeholder=\"\" id=\"tb_sgt0618-contact-message\" class=\"form-control\"><\/textarea>\n\t\t\t\t    \t\t\t\t    \t\t\t    <\/div>\n\t\t<\/div>\n\t    \n\t\t    \t\t\n\t\t\n\t    \n\t    <div class=\"builder-contact-field builder-contact-field-send control-input tf_textl tf_clear tf_rel\">\n\t\t\t<button type=\"submit\" class=\"btn btn-primary\">\n\t\t\t\t<span class=\"tf_loader\"><\/span>\t\t\t\t<span class=\"tf_submit_icon\"><\/span> \n\t\t\t\tEnviar\t\t\t<\/button>\n\t    <\/div>\n\t<\/div>\n    <input type=\"hidden\" name=\"trp-form-language\" value=\"es\"\/><\/form>\n    <\/div>\n<!-- \/module contact -->\n        <\/div>\n                        <\/div>\n        <\/div>\n        <\/div>\n<!--\/themify_builder_content-->","protected":false},"excerpt":{"rendered":"<p>\u00bfPuedo inscribirme en el Programa de Aprendizaje sin trabajar para un contratista miembro de la CEI? S\u00ed, puede inscribirse en el Programa de Aprendizaje por su cuenta o mientras trabaja para un contratista no miembro. Sin embargo, para ser un Aprendiz Registrado en el Departamento de Trabajo, debe estar trabajando para uno de nuestros Miembros Contratistas del IEC. Si [...]<\/p>","protected":false},"author":3,"featured_media":0,"parent":0,"menu_order":0,"comment_status":"closed","ping_status":"closed","template":"","meta":{"footnotes":""},"builder_content":"<p><strong>Can I enroll in the Apprenticeship Program without working for an IEC Contractor Member?<\/strong><\/p> <p>Yes, you can enroll in the Apprenticeship Program on your own or while working for a non-member contractor. However, to be a Registered Apprentice with the Department of Labor, you must be working for one of our IEC Contractor Members. If you choose to enroll on your own or work for a non-member contractor, you will only gain your classroom hours and not the 8,000 on-the-job training hours required to earn your Journeyman Certificate.<\/p> <p>\u00a0<\/p> <p><strong>How many class hours and on-the-job training (OJT) hours do I need to earn a Journeyman Certificate?<\/strong><\/p> <p>An individual needs 576 class hours and 8,000 OJT hours to earn a Journeyman Certificate.<\/p> <p>\u00a0<\/p> <p><strong>Does IEC accept class credits from Technical Colleges or other Apprenticeship Programs?<\/strong><\/p> <p>IEC only accepts class credits from other IEC Chapters in the country. IEC may be able to give credit in terms of on-the-job training hours. If you already have 2,000 hours of OJT, you may be eligible to \u201cTest-Out\u201d of 1st Year. Please contact IEC at 770-242-9277 for more details.<\/p> <p>\u00a0<\/p> <p><strong>Can I use a 529 Plan, the HOPE Scholarship, or other Federal Student Aid?<\/strong><\/p> <p>No, our program is not eligible to receive Federal Student Aid.<\/p> <p>\u00a0<\/p> <p><strong>What is the difference between the Journeyman Certificate and Contractor\u2019s License in Georgia?<\/strong><\/p> <p>The Journeyman Certificate qualifies you as a Certified Electrician in all 50 states. This certification comes from US Dept of Labor, Office of Apprenticeship.\u00a0 As a Journeyman Electrician, you are able to work in a variety of settings <u>under a Licensed Contractor<\/u>.<\/p> <p>An Electrical Contractors License must be obtained from the State Board of Electrical Contractors.\u00a0 Obtaining a license allows one to provide electrical contracting services, pull permits, etc. You must have an Electrical Contractor\u2019s License, a business license, and proper insurance to conduct a legal contracting business. For more information regarding the Contractor\u2019s License, please visit the Georgia Secretary of State website: <a href=\"https:\/\/sos.ga.gov\/georgia-state-board-electrical-contractors\">https:\/\/sos.ga.gov\/georgia-state-board-electrical-contractors<\/a><\/p> <p>\u00a0<\/p> <p><strong>Who qualifies for the 2-Year Professional Electrician\u2019s Program (PEP)?<\/strong><\/p> <p>To qualify for the 2-Year Professional Electrician\u2019s Program (PEP), you must have 8,000 hours of on-the-job training <u>in a position above helper<\/u>. IEC requires documentation (emails or letters) from previous and current employers stating that you have this required experience in the electrical field. Please email the documentation to <a href=\"mailto:Training@iecatlantaga.org\">Training@iecatlantaga.org<\/a> or fax letters, written on company letterhead, to 770-242-9994.<\/p> <p>\u00a0<\/p> <p><strong>Will the CEU credits earned at IEC count for other states besides Georgia?<\/strong><\/p> <p>Yes, IEC will send your credentials to Alabama, North Carolina, Mississippi, Virginia, &amp; Kentucky.<\/p> <p><strong>\u00a0<\/strong><\/p> <p><strong>How many CEU credits are required for Georgia, Alabama, North Carolina, Mississippi, Kentucky, and Virginia?<\/strong><\/p> <p>Georgia: 4 hours per year, 2 year renewal period<\/p> <p>Alabama: 14 hours over a 2 year period<\/p> <p>North Carolina: 8 hours per year, 4 in-person, 4 can be online, annual renewals<\/p> <p>Kentucky: 6 hours per year, annual renewals<\/p> <p>Virginia: 3 hours per year, annual renewals<\/p> <p>Mississippi: 2 hours per year, annual renewals<\/p>\n<h3>Have a question that is not answered here? Send us an email and we'll get back to you shortly.<\/h3>\n<form id=\"tb_sgt0618-form\" method=\"post\" data-post-id=\"0\" data-element-id=\"sgt0618\" data-orig-id=\"682\" > <label for=\"tb_sgt0618-contact-name\"> Name * <\/label> <input type=\"text\" name=\"contact-name\" placeholder=\"\" id=\"tb_sgt0618-contact-name\" value=\"\" required> <label for=\"tb_sgt0618-contact-email\"> Email * <\/label> <input type=\"email\" name=\"contact-email\" placeholder=\"\" id=\"tb_sgt0618-contact-email\" value=\"\" required> <label for=\"tb_sgt0618-contact-message\"> Message <\/label> <textarea name=\"contact-message\" placeholder=\"\" id=\"tb_sgt0618-contact-message\"><\/textarea> <button type=\"submit\"> Send <\/button> <\/form>","_links":{"self":[{"href":"https:\/\/powermyjob.com\/es\/wp-json\/wp\/v2\/pages\/682"}],"collection":[{"href":"https:\/\/powermyjob.com\/es\/wp-json\/wp\/v2\/pages"}],"about":[{"href":"https:\/\/powermyjob.com\/es\/wp-json\/wp\/v2\/types\/page"}],"author":[{"embeddable":true,"href":"https:\/\/powermyjob.com\/es\/wp-json\/wp\/v2\/users\/3"}],"replies":[{"embeddable":true,"href":"https:\/\/powermyjob.com\/es\/wp-json\/wp\/v2\/comments?post=682"}],"version-history":[{"count":5,"href":"https:\/\/powermyjob.com\/es\/wp-json\/wp\/v2\/pages\/682\/revisions"}],"predecessor-version":[{"id":818,"href":"https:\/\/powermyjob.com\/es\/wp-json\/wp\/v2\/pages\/682\/revisions\/818"}],"wp:attachment":[{"href":"https:\/\/powermyjob.com\/es\/wp-json\/wp\/v2\/media?parent=682"}],"curies":[{"name":"wp","href":"https:\/\/api.w.org\/{rel}","templated":true}]}}